{"id":75,"date":"2024-08-30T18:13:31","date_gmt":"2024-08-30T16:13:31","guid":{"rendered":"https:\/\/robnei.net\/tienda\/?post_type=product&#038;p=75"},"modified":"2025-02-23T18:20:06","modified_gmt":"2025-02-23T23:20:06","slug":"membresia-2-meses","status":"publish","type":"product","link":"https:\/\/robnei.net\/pagos\/producto\/membresia-2-meses\/","title":{"rendered":"Membres\u00eda 2 Meses"},"content":{"rendered":"<p>Al contratar este servicio, tendr\u00e1s acceso a todos nuestros archivos, que incluyen dise\u00f1os en PowerPoint con texto totalmente editable.<\/p>\n<p>En nuestra web, continuaremos subiendo contenido exclusivo, como invitaciones en cajita, im\u00e1genes PNG, libritos para colorear, bolsas tipo Chips Bags, bolsas de dulces, cajitas Milk, y mucho m\u00e1s.<\/p>\n<p>Adem\u00e1s, en nuestra p\u00e1gina web encontrar\u00e1s videos paso a paso sobre c\u00f3mo elaborar cada producto. Una vez realizado el pago, se te crear\u00e1 un usuario y contrase\u00f1a para descargar los productos de Robnei.<\/p>\n","protected":false},"excerpt":{"rendered":"<p>Pago de Membres\u00eda por 2 Meses: Acceso a m\u00e1s de 2000 archivos editables en Powerpoint. El cobro se realiza en d\u00f3lares, pero se descuenta en su moneda local.<\/p>\n","protected":false},"featured_media":76,"comment_status":"open","ping_status":"closed","template":"","meta":{"site-sidebar-layout":"default","site-content-layout":"","ast-site-content-layout":"default","site-content-style":"default","site-sidebar-style":"default","ast-global-header-display":"","ast-banner-title-visibility":"","ast-main-header-display":"","ast-hfb-above-header-display":"","ast-hfb-below-header-display":"","ast-hfb-mobile-header-display":"","site-post-title":"","ast-breadcrumbs-content":"","ast-featured-img":"","footer-sml-layout":"","theme-transparent-header-meta":"","adv-header-id-meta":"","stick-header-meta":"","header-above-stick-meta":"","header-main-stick-meta":"","header-below-stick-meta":"","astra-migrate-meta-layouts":"default","ast-page-background-enabled":"default","ast-page-background-meta":{"desktop":{"background-color":"var(--ast-global-color-4)","background-image":"","background-repeat":"repeat","background-position":"center center","background-size":"auto","background-attachment":"scroll","background-type":"","background-media":"","overlay-type":"","overlay-color":"","overlay-opacity":"","overlay-gradient":""},"tablet":{"background-color":"","background-image":"","background-repeat":"repeat","background-position":"center center","background-size":"auto","background-attachment":"scroll","background-type":"","background-media":"","overlay-type":"","overlay-color":"","overlay-opacity":"","overlay-gradient":""},"mobile":{"background-color":"","background-image":"","background-repeat":"repeat","background-position":"center center","background-size":"auto","background-attachment":"scroll","background-type":"","background-media":"","overlay-type":"","overlay-color":"","overlay-opacity":"","overlay-gradient":""}},"ast-content-background-meta":{"desktop":{"background-color":"var(--ast-global-color-5)","background-image":"","background-repeat":"repeat","background-position":"center center","background-size":"auto","background-attachment":"scroll","background-type":"","background-media":"","overlay-type":"","overlay-color":"","overlay-opacity":"","overlay-gradient":""},"tablet":{"background-color":"var(--ast-global-color-5)","background-image":"","background-repeat":"repeat","background-position":"center center","background-size":"auto","background-attachment":"scroll","background-type":"","background-media":"","overlay-type":"","overlay-color":"","overlay-opacity":"","overlay-gradient":""},"mobile":{"background-color":"var(--ast-global-color-5)","background-image":"","background-repeat":"repeat","background-position":"center center","background-size":"auto","background-attachment":"scroll","background-type":"","background-media":"","overlay-type":"","overlay-color":"","overlay-opacity":"","overlay-gradient":""}}},"product_brand":[],"product_cat":[16],"product_tag":[],"class_list":{"0":"post-75","1":"product","2":"type-product","3":"status-publish","4":"has-post-thumbnail","6":"product_cat-membresia","7":"desktop-align-left","8":"tablet-align-left","9":"mobile-align-left","11":"first","12":"instock","13":"sale","14":"virtual","15":"sold-individually","16":"purchasable","17":"product-type-simple"},"_links":{"self":[{"href":"https:\/\/robnei.net\/pagos\/wp-json\/wp\/v2\/product\/75","targetHints":{"allow":["GET"]}}],"collection":[{"href":"https:\/\/robnei.net\/pagos\/wp-json\/wp\/v2\/product"}],"about":[{"href":"https:\/\/robnei.net\/pagos\/wp-json\/wp\/v2\/types\/product"}],"replies":[{"embeddable":true,"href":"https:\/\/robnei.net\/pagos\/wp-json\/wp\/v2\/comments?post=75"}],"wp:featuredmedia":[{"embeddable":true,"href":"https:\/\/robnei.net\/pagos\/wp-json\/wp\/v2\/media\/76"}],"wp:attachment":[{"href":"https:\/\/robnei.net\/pagos\/wp-json\/wp\/v2\/media?parent=75"}],"wp:term":[{"taxonomy":"product_brand","embeddable":true,"href":"https:\/\/robnei.net\/pagos\/wp-json\/wp\/v2\/product_brand?post=75"},{"taxonomy":"product_cat","embeddable":true,"href":"https:\/\/robnei.net\/pagos\/wp-json\/wp\/v2\/product_cat?post=75"},{"taxonomy":"product_tag","embeddable":true,"href":"https:\/\/robnei.net\/pagos\/wp-json\/wp\/v2\/product_tag?post=75"}],"curies":[{"name":"wp","href":"https:\/\/api.w.org\/{rel}","templated":true}]}}